{"id":11781,"date":"2021-02-09T18:51:45","date_gmt":"2021-02-09T18:51:45","guid":{"rendered":"http:\/\/trondheimumc.com\/?page_id=11781"},"modified":"2021-02-09T18:51:45","modified_gmt":"2021-02-09T18:51:45","slug":"stott-oss","status":"publish","type":"page","link":"https:\/\/trondheimumc.midtkil.no\/index.php\/stott-oss\/","title":{"rendered":"ST\u00d8TT\u00a0OSS!"},"content":{"rendered":"\n<div class=\"wp-block-jetpack-layout-grid alignfull column1-desktop-grid__span-6 column1-desktop-grid__row-1 column2-desktop-grid__span-4 column2-desktop-grid__start-8 column2-desktop-grid__row-1 column1-tablet-grid__span-4 column1-tablet-grid__row-1 column2-tablet-grid__span-4 column2-tablet-grid__start-5 column2-tablet-grid__row-1 column1-mobile-grid__span-4 column1-mobile-grid__row-1 column2-mobile-grid__span-4 column2-mobile-grid__row-2\">\n<div class=\"wp-block-jetpack-layout-grid-column wp-block-jetpack-layout-grid__padding-none\">\n<figure class=\"wp-block-image size-large\"><img decoding=\"async\" src=\"https:\/\/trondheimumc.midtkil.no\/wp-content\/uploads\/2020\/04\/trhumc20-art-1-2.jpg?w=660\" alt=\"\" class=\"wp-image-10969\" \/><\/figure>\n<\/div>\n\n\n\n<div class=\"wp-block-jetpack-layout-grid-column wp-block-jetpack-layout-grid__padding-none is-vertically-aligned-center\">\n<h2 class=\"has-text-align-left has-medium-font-size wp-block-heading\">VIPPS eller bank!<\/h2>\n\n\n\n<p class=\"has-text-align-left\" style=\"font-size:17px;\">Som en liten menighet i en liten frikirke, er vi helt avhengige av medlemmers og venners st\u00f8tte for \u00e5 drifte menigheten v\u00e5r og holde kirkehjemmet v\u00e5rt vedlike.<\/p>\n\n\n\n<p class=\"has-text-align-left\" style=\"font-size:17px;\">Ta gjerne kontakt for \u00e5 avtale en fast giver-tjeneste (med skattefridrag for opptil 50.000 kroner&#8230;!) &#8211; eller du kan spontanVippse til nummer: 107849 eller bruk menighetens bankkonto: 8220.02.83593<\/p>\n<\/div>\n<\/div>\n","protected":false},"excerpt":{"rendered":"","protected":false},"author":2,"featured_media":10969,"parent":0,"menu_order":0,"comment_status":"closed","ping_status":"closed","template":"","meta":{"inline_featured_image":false,"footnotes":""},"class_list":["post-11781","page","type-page","status-publish","has-post-thumbnail","hentry"],"_links":{"self":[{"href":"https:\/\/trondheimumc.midtkil.no\/index.php\/wp-json\/wp\/v2\/pages\/11781","targetHints":{"allow":["GET"]}}],"collection":[{"href":"https:\/\/trondheimumc.midtkil.no\/index.php\/wp-json\/wp\/v2\/pages"}],"about":[{"href":"https:\/\/trondheimumc.midtkil.no\/index.php\/wp-json\/wp\/v2\/types\/page"}],"author":[{"embeddable":true,"href":"https:\/\/trondheimumc.midtkil.no\/index.php\/wp-json\/wp\/v2\/users\/2"}],"replies":[{"embeddable":true,"href":"https:\/\/trondheimumc.midtkil.no\/index.php\/wp-json\/wp\/v2\/comments?post=11781"}],"version-history":[{"count":0,"href":"https:\/\/trondheimumc.midtkil.no\/index.php\/wp-json\/wp\/v2\/pages\/11781\/revisions"}],"wp:featuredmedia":[{"embeddable":true,"href":"https:\/\/trondheimumc.midtkil.no\/index.php\/wp-json\/wp\/v2\/media\/10969"}],"wp:attachment":[{"href":"https:\/\/trondheimumc.midtkil.no\/index.php\/wp-json\/wp\/v2\/media?parent=11781"}],"curies":[{"name":"wp","href":"https:\/\/api.w.org\/{rel}","templated":true}]}}