{"id":235,"date":"2016-01-12T15:45:17","date_gmt":"2016-01-12T15:45:17","guid":{"rendered":"http:\/\/trondheimumc.com\/?page_id=235"},"modified":"2016-01-12T15:45:17","modified_gmt":"2016-01-12T15:45:17","slug":"jesus-galleri","status":"publish","type":"page","link":"https:\/\/trondheimumc.midtkil.no\/index.php\/jesus-galleri\/","title":{"rendered":"JESUS-GALLERI"},"content":{"rendered":"<p><strong>Ingen vet med sikkerhet hvordan Jesus egentlig s\u00e5 ut. Men vi kan med 100% sikkerhet sl\u00e5 fast at han i alle fall ikke s\u00e5 ut som en blond, skandinavisk \/ vestlig hvit mann. N\u00e6rmest kommer kanskje en BBC-series vitenskapelige fors\u00f8k p\u00e5 \u00e5 rekonstruere utseendet til en 30 \u00e5r gammel j\u00f8disk mann i Palestina p\u00e5 Jesu tid. (se de f\u00f8rste bildene under)<\/strong><\/p>\n<p>P\u00e5 denne siden vil vi etter hvert bringe\u00a0en rekke ulike m\u00e5ter \u00e5 &laquo;avbilde&raquo; Jesus p\u00e5. Mangfoldet sier noe om de ulike kunstnernes forhold til og erfaringer med Jesus-skikkelsen &#8211; til inspirasjon og ettertanke for oss alle.<\/p>\n<p>Du vil ogs\u00e5 finne artikler om enkelte, utvalgte Jesus bilder under galleriet\/billedmosaikken.<\/p>\n<div id='gallery-1' class='gallery galleryid-235 gallery-columns-3 gallery-size-thumbnail'><figure class='gallery-item'>\n\t\t\t<div class='gallery-icon landscape'>\n\t\t\t\t<a href='https:\/\/trondheimumc.midtkil.no\/bbc-computerimage-av-jesustil-side-med-alternative-kristusbilder\/'><img loading=\"lazy\" decoding=\"async\" width=\"150\" height=\"150\" src=\"https:\/\/trondheimumc.midtkil.no\/wp-content\/uploads\/2016\/01\/bbc2-150x150.jpg\" class=\"attachment-thumbnail size-thumbnail\" alt=\"\" aria-describedby=\"gallery-1-239\" \/><\/a>\n\t\t\t<\/div>\n\t\t\t\t<figcaption class='wp-caption-text gallery-caption' id='gallery-1-239'>\n\t\t\t\tbbc-computerimage av Jesus\ntil side med alternative kristusbilder\n\t\t\t\t<\/figcaption><\/figure><figure class='gallery-item'>\n\t\t\t<div class='gallery-icon portrait'>\n\t\t\t\t<a href='https:\/\/trondheimumc.midtkil.no\/bbc-computerimage-av-kristus\/'><img loading=\"lazy\" decoding=\"async\" width=\"150\" height=\"150\" src=\"https:\/\/trondheimumc.midtkil.no\/wp-content\/uploads\/2016\/01\/bbc-kristus1-150x150.jpg\" class=\"attachment-thumbnail size-thumbnail\" alt=\"\" aria-describedby=\"gallery-1-240\" \/><\/a>\n\t\t\t<\/div>\n\t\t\t\t<figcaption class='wp-caption-text gallery-caption' id='gallery-1-240'>\n\t\t\t\tbbc-computerimage av Kristus\n\t\t\t\t<\/figcaption><\/figure><figure class='gallery-item'>\n\t\t\t<div class='gallery-icon portrait'>\n\t\t\t\t<a href='https:\/\/trondheimumc.midtkil.no\/til-kristusbildeside\/'><img loading=\"lazy\" decoding=\"async\" width=\"150\" height=\"150\" src=\"https:\/\/trondheimumc.midtkil.no\/wp-content\/uploads\/2016\/01\/kristus3-150x150.jpg\" class=\"attachment-thumbnail size-thumbnail\" alt=\"\" aria-describedby=\"gallery-1-241\" \/><\/a>\n\t\t\t<\/div>\n\t\t\t\t<figcaption class='wp-caption-text gallery-caption' id='gallery-1-241'>\n\t\t\t\ttil kristusbildeside\n\t\t\t\t<\/figcaption><\/figure><figure class='gallery-item'>\n\t\t\t<div class='gallery-icon portrait'>\n\t\t\t\t<a href='https:\/\/trondheimumc.midtkil.no\/julekristus14\/'><img loading=\"lazy\" decoding=\"async\" width=\"150\" height=\"150\" src=\"https:\/\/trondheimumc.midtkil.no\/wp-content\/uploads\/2016\/01\/julekristus14-150x150.jpg\" class=\"attachment-thumbnail size-thumbnail\" alt=\"\" \/><\/a>\n\t\t\t<\/div><\/figure><figure class='gallery-item'>\n\t\t\t<div class='gallery-icon portrait'>\n\t\t\t\t<a href='https:\/\/trondheimumc.midtkil.no\/kristus6\/'><img loading=\"lazy\" decoding=\"async\" width=\"150\" height=\"150\" src=\"https:\/\/trondheimumc.midtkil.no\/wp-content\/uploads\/2016\/01\/kristus6-150x150.jpg\" class=\"attachment-thumbnail size-thumbnail\" alt=\"\" aria-describedby=\"gallery-1-244\" \/><\/a>\n\t\t\t<\/div>\n\t\t\t\t<figcaption class='wp-caption-text gallery-caption' id='gallery-1-244'>\n\t\t\t\ttil side med &laquo;alternative&raquo; kristusbilder i tilknytyning til rteportasje fra Link\u00a8poing domkirke\n\t\t\t\t<\/figcaption><\/figure><figure class='gallery-item'>\n\t\t\t<div class='gallery-icon landscape'>\n\t\t\t\t<a href='https:\/\/trondheimumc.midtkil.no\/jesus1\/'><img loading=\"lazy\" decoding=\"async\" width=\"150\" height=\"150\" src=\"https:\/\/trondheimumc.midtkil.no\/wp-content\/uploads\/2016\/01\/jesus1-150x150.jpg\" class=\"attachment-thumbnail size-thumbnail\" alt=\"\" \/><\/a>\n\t\t\t<\/div><\/figure><figure class='gallery-item'>\n\t\t\t<div class='gallery-icon portrait'>\n\t\t\t\t<a href='https:\/\/trondheimumc.midtkil.no\/bilde1\/'><img loading=\"lazy\" decoding=\"async\" width=\"150\" height=\"150\" src=\"https:\/\/trondheimumc.midtkil.no\/wp-content\/uploads\/2016\/01\/bilde1-150x150.jpg\" class=\"attachment-thumbnail size-thumbnail\" alt=\"\" \/><\/a>\n\t\t\t<\/div><\/figure><figure class='gallery-item'>\n\t\t\t<div class='gallery-icon landscape'>\n\t\t\t\t<a href='https:\/\/trondheimumc.midtkil.no\/001_varldens_kristus-37x\/'><img loading=\"lazy\" decoding=\"async\" width=\"150\" height=\"150\" src=\"https:\/\/trondheimumc.midtkil.no\/wp-content\/uploads\/2016\/01\/001_varldens_kristus-37x-150x150.jpg\" class=\"attachment-thumbnail size-thumbnail\" alt=\"\" \/><\/a>\n\t\t\t<\/div><\/figure><figure class='gallery-item'>\n\t\t\t<div class='gallery-icon portrait'>\n\t\t\t\t<a href='https:\/\/trondheimumc.midtkil.no\/julejesus2-14\/'><img loading=\"lazy\" decoding=\"async\" width=\"150\" height=\"150\" src=\"https:\/\/trondheimumc.midtkil.no\/wp-content\/uploads\/2016\/01\/julejesus2-14-150x150.jpg\" class=\"attachment-thumbnail size-thumbnail\" alt=\"\" \/><\/a>\n\t\t\t<\/div><\/figure><figure class='gallery-item'>\n\t\t\t<div class='gallery-icon portrait'>\n\t\t\t\t<a href='https:\/\/trondheimumc.midtkil.no\/kristus11\/'><img loading=\"lazy\" decoding=\"async\" width=\"150\" height=\"150\" src=\"https:\/\/trondheimumc.midtkil.no\/wp-content\/uploads\/2016\/01\/kristus11-150x150.jpg\" class=\"attachment-thumbnail size-thumbnail\" alt=\"\" aria-describedby=\"gallery-1-248\" \/><\/a>\n\t\t\t<\/div>\n\t\t\t\t<figcaption class='wp-caption-text gallery-caption' id='gallery-1-248'>\n\t\t\t\ttil side med &laquo;alternative&raquo; kristusbilder i tilknytyning til rteportasje fra Link\u00a8poing domkirke\n\t\t\t\t<\/figcaption><\/figure><figure class='gallery-item'>\n\t\t\t<div class='gallery-icon portrait'>\n\t\t\t\t<a href='https:\/\/trondheimumc.midtkil.no\/kristus9\/'><img loading=\"lazy\" decoding=\"async\" width=\"150\" height=\"150\" src=\"https:\/\/trondheimumc.midtkil.no\/wp-content\/uploads\/2016\/01\/kristus9-150x150.jpg\" class=\"attachment-thumbnail size-thumbnail\" alt=\"\" aria-describedby=\"gallery-1-249\" \/><\/a>\n\t\t\t<\/div>\n\t\t\t\t<figcaption class='wp-caption-text gallery-caption' id='gallery-1-249'>\n\t\t\t\ttil side med &laquo;alternative&raquo; kristusbilder i tilknytyning til rteportasje fra Link\u00a8poing domkirke\n\t\t\t\t<\/figcaption><\/figure><figure class='gallery-item'>\n\t\t\t<div class='gallery-icon portrait'>\n\t\t\t\t<a href='https:\/\/trondheimumc.midtkil.no\/kristus2\/'><img loading=\"lazy\" decoding=\"async\" width=\"150\" height=\"150\" src=\"https:\/\/trondheimumc.midtkil.no\/wp-content\/uploads\/2016\/01\/kristus2-150x150.jpg\" class=\"attachment-thumbnail size-thumbnail\" alt=\"\" aria-describedby=\"gallery-1-250\" \/><\/a>\n\t\t\t<\/div>\n\t\t\t\t<figcaption class='wp-caption-text gallery-caption' id='gallery-1-250'>\n\t\t\t\ttil side med &laquo;alternative&raquo; kristusbilder i tilknytyning til rteportasje fra Link\u00a8poing domkirke\n\t\t\t\t<\/figcaption><\/figure><figure class='gallery-item'>\n\t\t\t<div class='gallery-icon portrait'>\n\t\t\t\t<a href='https:\/\/trondheimumc.midtkil.no\/kristus5\/'><img loading=\"lazy\" decoding=\"async\" width=\"150\" height=\"150\" src=\"https:\/\/trondheimumc.midtkil.no\/wp-content\/uploads\/2016\/01\/kristus5-150x150.jpg\" class=\"attachment-thumbnail size-thumbnail\" alt=\"\" aria-describedby=\"gallery-1-252\" \/><\/a>\n\t\t\t<\/div>\n\t\t\t\t<figcaption class='wp-caption-text gallery-caption' id='gallery-1-252'>\n\t\t\t\ttil side med &laquo;alternative&raquo; kristusbilder i tilknytyning til rteportasje fra Link\u00a8poing domkirke\n\t\t\t\t<\/figcaption><\/figure><figure class='gallery-item'>\n\t\t\t<div class='gallery-icon portrait'>\n\t\t\t\t<a href='https:\/\/trondheimumc.midtkil.no\/kristus4\/'><img loading=\"lazy\" decoding=\"async\" width=\"150\" height=\"150\" src=\"https:\/\/trondheimumc.midtkil.no\/wp-content\/uploads\/2016\/01\/kristus4-150x150.jpg\" class=\"attachment-thumbnail size-thumbnail\" alt=\"\" aria-describedby=\"gallery-1-251\" \/><\/a>\n\t\t\t<\/div>\n\t\t\t\t<figcaption class='wp-caption-text gallery-caption' id='gallery-1-251'>\n\t\t\t\ttil side med &laquo;alternative&raquo; kristusbilder i tilknytyning til rteportasje fra Link\u00a8poing domkirke\n\t\t\t\t<\/figcaption><\/figure><figure class='gallery-item'>\n\t\t\t<div class='gallery-icon landscape'>\n\t\t\t\t<a href='https:\/\/trondheimumc.midtkil.no\/trhumc-linkoping4-2\/'><img loading=\"lazy\" decoding=\"async\" width=\"150\" height=\"150\" src=\"https:\/\/trondheimumc.midtkil.no\/wp-content\/uploads\/2016\/01\/trhumc-linkc3b6ping4-150x150.jpg\" class=\"attachment-thumbnail size-thumbnail\" alt=\"\" \/><\/a>\n\t\t\t<\/div><\/figure>\n\t\t<\/div>\n\n<h2>JESUS MED AIDS<\/h2>\n<p><img loading=\"lazy\" decoding=\"async\" class=\"alignnone size-full wp-image-252\" src=\"https:\/\/trondheimumc.midtkil.no\/wp-content\/uploads\/2016\/01\/kristus5.jpg\" alt=\"kristus5\" width=\"3000\" height=\"4609\" \/><\/p>\n<p>&laquo;Man of sorrows \/ Christ with AIDS&raquo; er et av de sterkeste Jesus-bilder man kan tenke seg.Det er malt av Wesley Maxwell Lawton, som selv d\u00f8de av aids i 2006 etter \u00e5 ha levd med diagnosen i 14 \u00e5r.<\/p>\n<p>Kristus sitter naken. Kroppen er full av blemmer og s\u00e5r. Han er tilkoblet oksygen og en drypp-pose med aidsmeidin. P\u00e5 det b\u00f8yde hodet b\u00e6rer han en tornekrone. Teksten i bakgrunnen er sitat fra Matteus 25: <em>&laquo;n\u00e5r s\u00e5 vi deg sulten, naken, t\u00f8rst &#8230; hva dere gj\u00f8r mot en disse mine minste br\u00f8dre, gj\u00f8r dere mot meg!&raquo;<\/em><\/p>\n<p>Den kristne, og \u00e5pent erkl\u00e6rt homofile kunststudenten og teologen Wesley Maxwell Lawton var selv diagnostisert som &laquo;siste-fase-Aids-syk&raquo; da han malte <em>\u00abMan of Sorrows &#8211; Jesus with AIDS\u00bb<\/em> i 1993. Tre \u00e5r senere tok han mastergrad i teologi ved Wesley Theological Seminary\u2019s Center for Art and Religion i Washington DC. Tross alle prognoser, og ved hjelp av tildels tungt eksperimentell medisinering, fikk han leve til han fylte 50 \u00e5r i 2006.<\/p>\n<p>Maleriet hans, <em>\u00abMan of Sorrows &#8211; Jesus with AIDS\u00bb<\/em> , m\u00e5 v\u00e6re et av de sterkeste, inspirerte, gripende og mest utfordrende Jesusportretter som finnes. For Wesley f\u00f8rte det til d\u00f8dstrusler, raseri, h\u00e5n og forakt. Samtidig er maleriet sett av millioner, og har brakt tr\u00f8st, h\u00e5p og ny verdighet til mange.<\/p>\n<p>Wesley malte bildet rett f\u00f8r jul i 1993. Adventstiden hadde v\u00e6rt bunnl\u00f8st svart, og preget av dyp fortvilelse. Han hadde mistet nesten alle sine n\u00e6rmeste venner og kj\u00e6re p\u00e5 grunn av aids. En personlig katastrofe. Den selv aidssyke kunststudenten var rystet i sitt innerste. Han f\u00f8lte seg totalt alene og utenfor.<\/p>\n<p>En dag, under et kraftig og angstfylt gr\u00e5teanfall, fikk Wesley en visjon. Han s\u00e5 seg selv sittende p\u00e5 et unders\u00f8kelsesbord p\u00e5 sykehuset; naken og tilkoblet oksygen og medisindrypp. Plutselig endret bildet seg. Det var ikke lenger seg selv han s\u00e5, men Kristus som satt der i hans sted &#8211; med alle s\u00e5rene og blemmene, oksygenet og medisinposen, naken og med tornekrone.<\/p>\n<p>Samtidig ble han bevisst profeten Jesajas beskrivelse av &laquo;Herrens lidende tjener&raquo; (&laquo;Man of Sorrows&raquo;) i Jesaja 53:3-4:<\/p>\n<p><em>Han var foraktet, forlatt av mennesker, en mann av smerte, kjent med sykdom, en de skjuler ansiktet for. Han var foraktet, vi regnet ham ikke for noe. Sannelig, v\u00e5re sykdommer tok han, v\u00e5re smerter bar han. Vi tenkte: Han er rammet, sl\u00e5tt av Gud og plaget.<\/em><\/p>\n<p>Denne &laquo;Man of Sorrows&raquo; var det Wesley Maxwell \u00a0Lawton s\u00e5 foran seg. \u201d<em>Jeg visste jeg m\u00e5tte male det\u201d<\/em>, har han fortalt. Han samlet malersakene og som i en dr\u00f8mmetilstand malte han den f\u00f8rste versjonen av bildet som fikk tittelen \u201dMan of Sorrows \u2013 Christ with AIDS\u201d.Han s\u00e5 p\u00e5 bildet som et svar p\u00e5 kristenfundamentalistenes h\u00f8ylytte rop og p\u00e5stander om at aids var Guds velfortjente straffedom over homofile og stoffmisbrukere.<\/p>\n<p>Etter \u00e5 ha malt bildet, kjente og visste han at noe hadde endret seg i ham. Han f\u00f8lte seg sett og kjent av noen. Han forsto at Gud kjente hans smerte, delte hans sorg og vedkjente seg ham. Wesley Maxwell var fortsatt alvorlig syk, men opplevelsen leget mye smerte og han fikk leve i 13 \u00e5r til.<\/p>\n<h2>Nordisk Kristus rett fra dusjen?<\/h2>\n<div id='gallery-2' class='gallery galleryid-235 gallery-columns-3 gallery-size-thumbnail'><figure class='gallery-item'>\n\t\t\t<div class='gallery-icon landscape'>\n\t\t\t\t<a href='https:\/\/trondheimumc.midtkil.no\/trhumc-linkoping4-2\/'><img loading=\"lazy\" decoding=\"async\" width=\"150\" height=\"150\" src=\"https:\/\/trondheimumc.midtkil.no\/wp-content\/uploads\/2016\/01\/trhumc-linkc3b6ping4-150x150.jpg\" class=\"attachment-thumbnail size-thumbnail\" alt=\"\" \/><\/a>\n\t\t\t<\/div><\/figure><figure class='gallery-item'>\n\t\t\t<div class='gallery-icon landscape'>\n\t\t\t\t<a href='https:\/\/trondheimumc.midtkil.no\/trhumc-linkoping1\/'><img loading=\"lazy\" decoding=\"async\" width=\"150\" height=\"150\" src=\"https:\/\/trondheimumc.midtkil.no\/wp-content\/uploads\/2016\/01\/trhumc-linkc3b6ping1-150x150.jpg\" class=\"attachment-thumbnail size-thumbnail\" alt=\"\" \/><\/a>\n\t\t\t<\/div><\/figure><figure class='gallery-item'>\n\t\t\t<div class='gallery-icon landscape'>\n\t\t\t\t<a href='https:\/\/trondheimumc.midtkil.no\/trhumc-linkoping2\/'><img loading=\"lazy\" decoding=\"async\" width=\"150\" height=\"150\" src=\"https:\/\/trondheimumc.midtkil.no\/wp-content\/uploads\/2016\/01\/trhumc-linkc3b6ping2-150x150.jpg\" class=\"attachment-thumbnail size-thumbnail\" alt=\"\" \/><\/a>\n\t\t\t<\/div><\/figure><figure class='gallery-item'>\n\t\t\t<div class='gallery-icon portrait'>\n\t\t\t\t<a href='https:\/\/trondheimumc.midtkil.no\/trhumc-linkoping3-2\/'><img loading=\"lazy\" decoding=\"async\" width=\"150\" height=\"150\" src=\"https:\/\/trondheimumc.midtkil.no\/wp-content\/uploads\/2016\/01\/trhumc-linkc3b6ping3-150x150.jpg\" class=\"attachment-thumbnail size-thumbnail\" alt=\"\" \/><\/a>\n\t\t\t<\/div><\/figure>\n\t\t<\/div>\n\n<p>Den norske billedkunsteren Henrik S\u00f8rensen (f\u00f8dt 12. februar 1882, d\u00f8d 24. februar 1962 ) malte sin versjon av den oppstandne Kristus som altertavle til Link\u00f6ping Domkirke i 1934. Sammen med den danske billedhugger Thorvaldsens Kristus-statue (artikkel kommer snart) har S\u00f8rensens Kristus preget generasjoners Jesus-bilde. Ingen av de to er historisk korrekte framstillinger, men begge har betydd veldig mye for mange.<\/p>\n<p>Altertavlen i Link\u00f6ping Domkirke tiltrekker seg oppmerksomhet fra det \u00f8yeblikk du kommer inn i den store katedralen. De klare, sterke farghene gj\u00f8r at den gnistrer som en juvel, langt der framme. Kristus kommer mot deg. En spenstig skikkelse og kropp, full av liv og kraft. Ut av graven. Omgitt av en mandorla (kroppsglorie) i h\u00e5pefulle, v\u00e5rlige farger som kontrast til den litt truende, bl\u00e5svarte bakgrunnen. Mandorlaen er nesten som en regnbue &#8211; et nytt paktstegn mellom Gud og mennesker.<\/p>\n<p>S\u00f8rensens Kristus er oppfattet forskjellig. Noen ser Kristus komme ut av graven som livets, lysets og h\u00e5pets representant. For andre framst\u00e5r han som mer som en nydusjet jogger if\u00f8rt frott\u00e9badek\u00e5pe, eller \u00aben frisksporter som if\u00f8rt et frotteh\u00e5ndkle kommer ut av dusjen\u00bb, som den kritiske bemerkningen konkret l\u00f8d for ikke s\u00e5 veldig mange \u00e5r siden. Men tidligere riksantikvar Harry Fett kalte i sin tid altertavlen for \u00abet religi\u00f8st storverk\u00bb.<\/p>\n<p>Tross en del krtiske r\u00f8ster, ble altertavlen i starten positivt mottatt b\u00e5de av anmeldere og kirkegjengere. I ettertidens lys ble det i enkelte krester politisk ukorrekt at S\u00f8rensen malte altertavlen i et naturlistisk formspr\u00e5k, og at motivet trolig var preget av S\u00f8rensens eget oppriktige, personlige kristne livssyn. Slikt er selvf\u00f8lgelig mer enn nok til \u00e5 tirre mange. \u00abS\u00f8rensen tenkte dypt og f\u00f8lte sterkt, men uttrykte lite eller ingen ting\u00bb, skrev en kritiker i Dagens Nyheter i 1979. Det var en reaksjon p\u00e5 en bok hvor en kunsthistoriker analyserer og karakteriserer S\u00f8rensens altertavle med boktittelen \u00abEpokensbild\u00bb.<\/p>\n<p>P\u00e5 1970\/80-tallet ble altertavlen ogs\u00e5 m\u00f8tt med kritikk om at den nordisk utseende Kristus var \u00abarisk\u00bb, og maleriet ble karakterisert som eksempel p\u00e5 nazifisert kunst, en skjeggl\u00f8s, blond, nordisk frelser. En sterk p\u00e5stand, ikke minst p\u00e5 bakgrunn av S\u00f8rensens farefulle og sterke engasjement i motstandskampen mot tyskerne, og hans fangeopphold p\u00e5 Grini.<\/p>\n<p>F\u00e5r du anledning til \u00e5 bes\u00f8ke Link\u00f6ping noen gang, s\u00e5 m\u00e5 du legge inn et bes\u00f8k i den vakre Domkirken og se altertavlen!<\/p>\n","protected":false},"excerpt":{"rendered":"<p>Ingen vet med sikkerhet hvordan Jesus egentlig s\u00e5 ut. Men vi kan med 100% sikkerhet sl\u00e5 fast at han i alle fall ikke s\u00e5 ut som en blond, skandinavisk \/ vestlig hvit mann. N\u00e6rmest kommer kanskje en BBC-series vitenskapelige fors\u00f8k p\u00e5 \u00e5 rekonstruere utseendet til en 30 \u00e5r gammel j\u00f8disk mann i Palestina p\u00e5 Jesu &hellip; <a href=\"https:\/\/trondheimumc.midtkil.no\/index.php\/jesus-galleri\/\" class=\"more-link\">Fortsett \u00e5 lese <span class=\"screen-reader-text\">JESUS-GALLERI<\/span> <span class=\"meta-nav\">&rarr;<\/span><\/a><\/p>\n","protected":false},"author":2,"featured_media":252,"parent":0,"menu_order":0,"comment_status":"closed","ping_status":"closed","template":"","meta":{"inline_featured_image":false,"footnotes":""},"class_list":["post-235","page","type-page","status-publish","has-post-thumbnail","hentry"],"_links":{"self":[{"href":"https:\/\/trondheimumc.midtkil.no\/index.php\/wp-json\/wp\/v2\/pages\/235","targetHints":{"allow":["GET"]}}],"collection":[{"href":"https:\/\/trondheimumc.midtkil.no\/index.php\/wp-json\/wp\/v2\/pages"}],"about":[{"href":"https:\/\/trondheimumc.midtkil.no\/index.php\/wp-json\/wp\/v2\/types\/page"}],"author":[{"embeddable":true,"href":"https:\/\/trondheimumc.midtkil.no\/index.php\/wp-json\/wp\/v2\/users\/2"}],"replies":[{"embeddable":true,"href":"https:\/\/trondheimumc.midtkil.no\/index.php\/wp-json\/wp\/v2\/comments?post=235"}],"version-history":[{"count":0,"href":"https:\/\/trondheimumc.midtkil.no\/index.php\/wp-json\/wp\/v2\/pages\/235\/revisions"}],"wp:featuredmedia":[{"embeddable":true,"href":"https:\/\/trondheimumc.midtkil.no\/index.php\/wp-json\/wp\/v2\/media\/252"}],"wp:attachment":[{"href":"https:\/\/trondheimumc.midtkil.no\/index.php\/wp-json\/wp\/v2\/media?parent=235"}],"curies":[{"name":"wp","href":"https:\/\/api.w.org\/{rel}","templated":true}]}}