{"id":273,"date":"2016-01-13T13:18:23","date_gmt":"2016-01-13T13:18:23","guid":{"rendered":"http:\/\/trondheimumc.com\/?page_id=273"},"modified":"2016-01-13T13:18:23","modified_gmt":"2016-01-13T13:18:23","slug":"metodist-linker","status":"publish","type":"page","link":"https:\/\/trondheimumc.midtkil.no\/index.php\/metodist-linker\/","title":{"rendered":"METODIST-LINKER"},"content":{"rendered":"<p>Dette er noen anbefalte linker for alle som vil gj\u00f8re seg bedre kjent med Metodistkirken \u00a0\/ The United Methodist Church. Mange av disse har ogs\u00e5 egne Facebooksider som er verd \u00e5 f\u00f8lge!<\/p>\n<h2>Offisielle UMC-sider:<\/h2>\n<p>The United Methodist Church: <a href=\"http:\/\/www.umc.org\">http:\/\/www.umc.org<\/a><\/p>\n<p>General Board\u00a0of Church\u00a0&amp;Society: <a href=\"http:\/\/www.gbgm.org\">www.gbcs.org<\/a><\/p>\n<p>General Commission on Religion and Race: <a href=\"http:\/\/gcorr.org\">gcorr.org<\/a><\/p>\n<p>General Board of Global Ministeries: <a href=\"http:\/\/www.gbgm.org\">www.gbgm.org<\/a><\/p>\n<p>General Commission on the Status and Role of Women:\u00a0<a href=\"http:\/\/www.gcsrw.org\">http:\/\/www.gcsrw.org<\/a><\/p>\n<h2>Metodistkirken i Norge:<\/h2>\n<p><a href=\"http:\/\/www.umc.org\">www.metodistkirken.no<\/a><\/p>\n<h2>Aktuelle og nyttige United Methodist-relaterte sider:<\/h2>\n<p>United Methodist Insight: <a href=\"http:\/\/um-insight.net\">um-insight.net<\/a><\/p>\n<p>Methodist Federation for Social Action:\u00a0\u00a0<a href=\"http:\/\/mfsaweb.org\">http:\/\/mfsaweb.org<\/a><\/p>\n<p>Reconciling Ministeries Network: \u00a0\u00a0<a href=\"http:\/\/www.rmnetwork.org\/newrmn\/\">http:\/\/www.rmnetwork.org\/newrmn\/<\/a><\/p>\n<h2>Linker til &laquo;metodist-familien&raquo;:<\/h2>\n<p>Den engelske metodistkirken:\u00a0<a href=\"http:\/\/www.methodist.org.uk\">http:\/\/www.methodist.org.uk<\/a><\/p>\n<p>Metodistkirkenes Verdensr\u00e5d:\u00a0<a href=\"http:\/\/worldmethodistcouncil.org\">http:\/\/worldmethodistcouncil.org<\/a><\/p>\n<h2>Ekumeniske sider:<\/h2>\n<p>Kirkenes Verdensr\u00e5d:\u00a0<a href=\"https:\/\/www.oikoumene.org\/en\/\">https:\/\/www.oikoumene.org\/en\/<\/a><\/p>\n<p>&nbsp;<\/p>\n","protected":false},"excerpt":{"rendered":"<p>Dette er noen anbefalte linker for alle som vil gj\u00f8re seg bedre kjent med Metodistkirken \u00a0\/ The United Methodist Church. Mange av disse har ogs\u00e5 egne Facebooksider som er verd \u00e5 f\u00f8lge! Offisielle UMC-sider: The United Methodist Church: http:\/\/www.umc.org General Board\u00a0of Church\u00a0&amp;Society: www.gbcs.org General Commission on Religion and Race: gcorr.org General Board of Global Ministeries: &hellip; <a href=\"https:\/\/trondheimumc.midtkil.no\/index.php\/metodist-linker\/\" class=\"more-link\">Fortsett \u00e5 lese <span class=\"screen-reader-text\">METODIST-LINKER<\/span> <span class=\"meta-nav\">&rarr;<\/span><\/a><\/p>\n","protected":false},"author":2,"featured_media":0,"parent":0,"menu_order":0,"comment_status":"closed","ping_status":"closed","template":"","meta":{"inline_featured_image":false,"footnotes":""},"class_list":["post-273","page","type-page","status-publish","hentry"],"_links":{"self":[{"href":"https:\/\/trondheimumc.midtkil.no\/index.php\/wp-json\/wp\/v2\/pages\/273","targetHints":{"allow":["GET"]}}],"collection":[{"href":"https:\/\/trondheimumc.midtkil.no\/index.php\/wp-json\/wp\/v2\/pages"}],"about":[{"href":"https:\/\/trondheimumc.midtkil.no\/index.php\/wp-json\/wp\/v2\/types\/page"}],"author":[{"embeddable":true,"href":"https:\/\/trondheimumc.midtkil.no\/index.php\/wp-json\/wp\/v2\/users\/2"}],"replies":[{"embeddable":true,"href":"https:\/\/trondheimumc.midtkil.no\/index.php\/wp-json\/wp\/v2\/comments?post=273"}],"version-history":[{"count":0,"href":"https:\/\/trondheimumc.midtkil.no\/index.php\/wp-json\/wp\/v2\/pages\/273\/revisions"}],"wp:attachment":[{"href":"https:\/\/trondheimumc.midtkil.no\/index.php\/wp-json\/wp\/v2\/media?parent=273"}],"curies":[{"name":"wp","href":"https:\/\/api.w.org\/{rel}","templated":true}]}}