{"id":84,"date":"2016-01-05T11:40:19","date_gmt":"2016-01-05T11:40:19","guid":{"rendered":"https:\/\/trondheimumc.wordpress.com\/?page_id=84"},"modified":"2016-01-05T11:40:19","modified_gmt":"2016-01-05T11:40:19","slug":"tema-julemysteriet","status":"publish","type":"page","link":"https:\/\/trondheimumc.midtkil.no\/index.php\/tema-julemysteriet\/","title":{"rendered":"KIRKEKALENDER H\u00d8STEN 2024"},"content":{"rendered":"\n<p class=\"has-text-align-right has-light-green-cyan-background-color has-background\"><strong>Vi har ikke prest i arbeids\u00e5ret 2024\/25<\/strong>, <strong>men Anne Jorunn Midtkil er ansatt som daglig leder i en ca 50% stilling.<\/strong><\/p>\n\n\n\n<p class=\"has-text-align-right has-light-green-cyan-background-color has-background\"><strong>Gjennom h\u00f8sten 2024 vil vi samles til gudstjeneste \/ andakt i kirken annenhver s\u00f8ndag.<\/strong><\/p>\n\n\n\n<p class=\"has-text-align-right has-light-green-cyan-background-color has-background\"><strong>Vi oppfordrer alle menighetens medlemmer og venner til \u00e5 komme til kirken og bidra til et st\u00f8rst og best mulig menighetsfellesskap ved de anledningene &#8211; og til \u00e5 huske menigheten med gaver og b\u00f8nner. <\/strong> <strong>Kan du tenke deg \u00e5 bidra under gudstjeneste eller andakt, s\u00e5 ta kontakt med daglig leder Anne Jorunn! <\/strong><\/p>\n\n\n\n<p class=\"has-text-align-right has-pale-cyan-blue-background-color has-background\"><strong>Tillegg \/ endringer i programmet vil fram til vi har v\u00e5r nye hjemmeside klar,  bli  kunngjort via ukemail og Facebook. F\u00f8lg med!<\/strong><\/p>\n\n\n\n<p><\/p>\n\n\n\n<p><strong>2024:<\/strong><\/p>\n\n\n\n<p><strong>S\u00d8NDAG 25. august kl. 11.00:<\/strong> SAMLINGSDAG. Gudstjeneste v\/ Anne Jorunn Midtkil<\/p>\n\n\n\n<p><strong>S\u00d8NDAG 8. september kl. 11.00:<\/strong> S\u00d8NDAGSSAMLING \/ GUDSTJENESTE  med tema &laquo;mangfold&raquo; v\/ Anne Jorunn Midtkil<\/p>\n\n\n\n<p><strong>FREDAG 13. september kl. 18 &#8211; 21.30: <\/strong>KULTURNATT og kaf\u00e9 i kirken!<\/p>\n\n\n\n<p><strong>L\u00d8RDAG 14. september kl. 12.30:<\/strong> Vi g\u00e5r TRONDHEIM PRIDE-paraden og markerer at vi er en kirke for alle! Oppm\u00f8te Bispegata\/Ytre Kongsg\u00e5rd. N\u00e6rmere informasjon p\u00e5 kirkens Facebookside etter hvert!<\/p>\n\n\n\n<p><strong>S\u00d8NDAG 22. september kl. 11.00: <\/strong>GUDSTJENESTE \/ S\u00d8NDAGSSAMLING. Mer informasjon kommer!<\/p>\n\n\n\n<p><strong>S\u00d8NDAG 6. oktober kl. 11.00:<\/strong> GUDSTJENESTE \/ S\u00d8NDAGSSAMLING v\/ Anne Jorunn Midtkil<\/p>\n\n\n\n<p><strong>S\u00d8NDAG 20. oktober kl. 11.00:<\/strong> GUDSTJENESTE (h\u00f8stoffer) v\/ prest i Den norske kirke, Berit L\u00e5nke. Nattverd. Ole-Einar Andersen leder gudstjenesten. Kirkebakkekaffe.<\/p>\n\n\n\n<p><strong>S\u00d8NDAG 3. november kl. 11.00:<\/strong> GUDSTJENESTE  &#8211; ALLEHELGENS DAG v\/ Anne Jorunn Midtkil<\/p>\n\n\n\n<p><strong>S\u00d8NDAG 17. november kl. 11.00:<\/strong> GUDSTJENESTE med bes\u00f8k av metodistprest Ole Birch fra Danmark.  Han preker og forretter nattverd. Kirkebakkekaffe.<\/p>\n\n\n\n<p><strong>S\u00d8NDAG 1. desember kl. 11.00:<\/strong> JULEVERKSTED <\/p>\n\n\n\n<p><strong>S\u00d8NDAG 15. desember kl. 11.00:<\/strong> VI SYNGER JULEN INN-GUDSTJENESTE<\/p>\n\n\n\n<p><\/p>\n","protected":false},"excerpt":{"rendered":"<p>Vi har ikke prest i arbeids\u00e5ret 2024\/25, men Anne Jorunn Midtkil er ansatt som daglig leder i en ca 50% stilling. Gjennom h\u00f8sten 2024 vil vi samles til gudstjeneste \/ andakt i kirken annenhver s\u00f8ndag. Vi oppfordrer alle menighetens medlemmer og venner til \u00e5 komme til kirken og bidra til et st\u00f8rst og best mulig &hellip; <a href=\"https:\/\/trondheimumc.midtkil.no\/index.php\/tema-julemysteriet\/\" class=\"more-link\">Fortsett \u00e5 lese <span class=\"screen-reader-text\">KIRKEKALENDER H\u00d8STEN 2024<\/span> <span class=\"meta-nav\">&rarr;<\/span><\/a><\/p>\n","protected":false},"author":2,"featured_media":0,"parent":0,"menu_order":0,"comment_status":"closed","ping_status":"closed","template":"","meta":{"inline_featured_image":false,"footnotes":""},"class_list":["post-84","page","type-page","status-publish","hentry"],"_links":{"self":[{"href":"https:\/\/trondheimumc.midtkil.no\/index.php\/wp-json\/wp\/v2\/pages\/84","targetHints":{"allow":["GET"]}}],"collection":[{"href":"https:\/\/trondheimumc.midtkil.no\/index.php\/wp-json\/wp\/v2\/pages"}],"about":[{"href":"https:\/\/trondheimumc.midtkil.no\/index.php\/wp-json\/wp\/v2\/types\/page"}],"author":[{"embeddable":true,"href":"https:\/\/trondheimumc.midtkil.no\/index.php\/wp-json\/wp\/v2\/users\/2"}],"replies":[{"embeddable":true,"href":"https:\/\/trondheimumc.midtkil.no\/index.php\/wp-json\/wp\/v2\/comments?post=84"}],"version-history":[{"count":0,"href":"https:\/\/trondheimumc.midtkil.no\/index.php\/wp-json\/wp\/v2\/pages\/84\/revisions"}],"wp:attachment":[{"href":"https:\/\/trondheimumc.midtkil.no\/index.php\/wp-json\/wp\/v2\/media?parent=84"}],"curies":[{"name":"wp","href":"https:\/\/api.w.org\/{rel}","templated":true}]}}